{"id":1730,"date":"2024-09-03T12:49:59","date_gmt":"2024-09-03T12:49:59","guid":{"rendered":"https:\/\/linkcard.app\/?page_id=1730"},"modified":"2024-11-29T17:53:43","modified_gmt":"2024-11-29T17:53:43","slug":"banner-dashboard","status":"publish","type":"page","link":"https:\/\/linkcard.app\/es\/banner-dashboard\/","title":{"rendered":"Banner Dashboard"},"content":{"rendered":"<div class=\"wpb-content-wrapper\"><p>[vc_row full_width=\u00bbstretch_row_content_no_spaces\u00bb full_height=\u00bbyes\u00bb css=\u00bb.vc_custom_1726778579651{background-color: #ededed !important;}\u00bb woodmart_css_id=\u00bb66ec8ccca2471&#8243; responsive_spacing=\u00bbeyJwYXJhbV90eXBlIjoid29vZG1hcnRfcmVzcG9uc2l2ZV9zcGFjaW5nIiwic2VsZWN0b3JfaWQiOiI2NmVjOGNjY2EyNDcxIiwic2hvcnRjb2RlIjoidmNfcm93IiwiZGF0YSI6eyJ0YWJsZXQiOnt9LCJtb2JpbGUiOnt9fX0=\u00bb mobile_bg_img_hidden=\u00bbno\u00bb tablet_bg_img_hidden=\u00bbno\u00bb woodmart_parallax=\u00bb0&#8243; woodmart_gradient_switch=\u00bbno\u00bb woodmart_box_shadow=\u00bbno\u00bb wd_z_index=\u00bbno\u00bb woodmart_disable_overflow=\u00bb0&#8243; row_reverse_mobile=\u00bb0&#8243; row_reverse_tablet=\u00bb0&#8243;][vc_column]\n\t\t\t<!-- START Dashboard Banner ESP REVOLUTION SLIDER 6.7.38 --><p class=\"rs-p-wp-fix\"><\/p>\n\t\t\t<rs-module-wrap id=\"rev_slider_171_1_wrapper\" data-source=\"gallery\" style=\"visibility:hidden;background:transparent;padding:0;margin:0px auto;margin-top:0;margin-bottom:0;\">\n\t\t\t\t<rs-module id=\"rev_slider_171_1\" style=\"\" data-version=\"6.7.38\">\n\t\t\t\t\t<rs-slides style=\"overflow: hidden; position: absolute;\">\n\t\t\t\t\t\t<rs-slide style=\"position: absolute;\" data-key=\"rs-543\" data-title=\"Linkcard Wallet\" data-in=\"o:0;\" data-out=\"a:false;\">\n\t\t\t\t\t\t\t<img decoding=\"async\" src=\"\/\/linkcard.app\/wp-content\/plugins\/revslider\/sr6\/assets\/assets\/dummy.png\" alt=\"Linkcard Wallet\" title=\"Banner Dashboard\" class=\"rev-slidebg tp-rs-img rs-lazyload\" data-lazyload=\"\/\/linkcard.app\/wp-content\/plugins\/revslider\/sr6\/assets\/assets\/transparent.png\" data-no-retina>\n<!--\n\t\t\t\t\t\t\t--><rs-layer\n\t\t\t\t\t\t\t\tid=\"slider-171-slide-543-layer-0\" \n\t\t\t\t\t\t\t\tdata-type=\"shape\"\n\t\t\t\t\t\t\t\tdata-rsp_ch=\"on\"\n\t\t\t\t\t\t\t\tdata-xy=\"x:c;y:m;\"\n\t\t\t\t\t\t\t\tdata-text=\"w:normal;s:20,20,20,11;l:0,0,0,14;\"\n\t\t\t\t\t\t\t\tdata-dim=\"w:100%;h:100%;\"\n\t\t\t\t\t\t\t\tdata-border=\"bor:25px,25px,25px,25px;\"\n\t\t\t\t\t\t\t\tdata-frame_999=\"o:0;st:w;sR:8700;\"\n\t\t\t\t\t\t\t\tstyle=\"z-index:6;background-color:#1fc0ff;\"\n\t\t\t\t\t\t\t> \n\t\t\t\t\t\t\t<\/rs-layer><!--\n\n\t\t\t\t\t\t\t--><rs-layer\n\t\t\t\t\t\t\t\tid=\"slider-171-slide-543-layer-1\" \n\t\t\t\t\t\t\t\tdata-type=\"text\"\n\t\t\t\t\t\t\t\tdata-color=\"#006093\"\n\t\t\t\t\t\t\t\tdata-rsp_ch=\"on\"\n\t\t\t\t\t\t\t\tdata-xy=\"x:l,l,l,c;xo:43px,43px,43px,0;yo:25px,25px,25px,28px;\"\n\t\t\t\t\t\t\t\tdata-text=\"w:normal;s:30,30,30,36;l:32,32,32,38;fw:800;a:left,left,left,center;\"\n\t\t\t\t\t\t\t\tdata-dim=\"w:262px,262px,262px,294px;\"\n\t\t\t\t\t\t\t\tdata-frame_0=\"x:-50,-50,-50,-62px;y:0,0,0,0px;\"\n\t\t\t\t\t\t\t\tdata-frame_1=\"x:0,0,0,0px;y:0,0,0,0px;sp:1000;\"\n\t\t\t\t\t\t\t\tdata-frame_999=\"o:0;st:w;sR:8000;\"\n\t\t\t\t\t\t\t\tstyle=\"z-index:12;font-family:'Nunito';\"\n\t\t\t\t\t\t\t>Descarga Linkcard Wallet \n\t\t\t\t\t\t\t<\/rs-layer><!--\n\n\t\t\t\t\t\t\t--><rs-layer\n\t\t\t\t\t\t\t\tid=\"slider-171-slide-543-layer-2\" \n\t\t\t\t\t\t\t\tdata-type=\"text\"\n\t\t\t\t\t\t\t\tdata-color=\"#006093\"\n\t\t\t\t\t\t\t\tdata-rsp_ch=\"on\"\n\t\t\t\t\t\t\t\tdata-xy=\"x:l,l,l,c;xo:45px,45px,45px,0;yo:102px,102px,102px,117px;\"\n\t\t\t\t\t\t\t\tdata-text=\"w:normal;s:21,21,21,16;l:26,26,26,21;fw:500;a:left,left,left,center;\"\n\t\t\t\t\t\t\t\tdata-dim=\"w:308px,308px,308px,319px;\"\n\t\t\t\t\t\t\t\tdata-frame_0=\"x:-59px,-59px,-59px,-47px;\"\n\t\t\t\t\t\t\t\tdata-frame_1=\"st:240;sp:1000;sR:240;\"\n\t\t\t\t\t\t\t\tdata-frame_999=\"o:0;st:w;sR:7760;\"\n\t\t\t\t\t\t\t\tstyle=\"z-index:11;font-family:'Nunito';\"\n\t\t\t\t\t\t\t>Accede y comparte todas tus Linkcards rapidamente desde nuestra app de Android e IOS. \n\t\t\t\t\t\t\t<\/rs-layer><!--\n\n\t\t\t\t\t\t\t--><a id=\"slider-171-slide-543-layer-3\" class=\"rs-layer rev-btn\" href=\"https:\/\/play.google.com\/store\/apps\/details?id=app.linkcard.wallet\" target=\"_blank\" rel=\"noopener\" data-type=\"button\" data-rsp_ch=\"on\" data-xy=\"x:l,l,l,c;xo:39px,39px,39px,0;y:b,b,b,m;yo:29px,29px,29px,83px;\" data-text=\"w:normal;s:18,18,18,16;l:50,50,50,47;fw:500;\" data-dim=\"w:224px,224px,224px,195px;h:50px,50px,50px,47px;minh:0px,0px,0px,none;\" data-padding=\"r:40,40,40,37;l:40,40,40,37;\" data-border=\"bor:30px,30px,30px,30px;\" data-frame_0=\"x:0,0,0,0px;y:50,50,50,47px;\" data-frame_1=\"x:0,0,0,0px;y:0,0,0,0px;st:520;sp:1000;sR:520;\" data-frame_999=\"o:0;st:w;sR:7480;\" data-frame_hover=\"bgc:#1c1c1c;bor:30px,30px,30px,30px;e:power1.inOut;bri:120%;\" style=\"z-index:10;background-color:#000000;font-family:&#039;Roboto&#039;;\"><i class=\"material-icons\">android<\/i> ANDROID APP \n\t\t\t\t\t\t\t<\/a><!--\n\n\t\t\t\t\t\t\t--><rs-layer\n\t\t\t\t\t\t\t\tid=\"slider-171-slide-543-layer-4\" \n\t\t\t\t\t\t\t\tdata-type=\"image\"\n\t\t\t\t\t\t\t\tdata-rsp_ch=\"on\"\n\t\t\t\t\t\t\t\tdata-xy=\"x:l,l,l,c;xo:389px,389px,389px,131px;y:b,b,b,m;yo:0,0,0,144px;\"\n\t\t\t\t\t\t\t\tdata-text=\"w:normal;s:20,20,20,11;l:0,0,0,14;\"\n\t\t\t\t\t\t\t\tdata-dim=\"w:274px,274px,274px,259px;h:274px,274px,274px,259px;\"\n\t\t\t\t\t\t\t\tdata-vbility=\"t,t,t,f\"\n\t\t\t\t\t\t\t\tdata-frame_0=\"y:50,50,50,28;\"\n\t\t\t\t\t\t\t\tdata-frame_1=\"st:780;sp:1530;sR:780;\"\n\t\t\t\t\t\t\t\tdata-frame_999=\"o:0;st:w;sR:6690;\"\n\t\t\t\t\t\t\t\tstyle=\"z-index:8;\"\n\t\t\t\t\t\t\t><img decoding=\"async\" src=\"\/\/linkcard.app\/wp-content\/plugins\/revslider\/sr6\/assets\/assets\/dummy.png\" alt=\"\" class=\"tp-rs-img rs-lazyload\" width=\"900\" height=\"900\" data-lazyload=\"\/\/linkcard.app\/wp-content\/uploads\/2025\/08\/imagen-para-Banner-interno.jpg\" data-no-retina> \n\t\t\t\t\t\t\t<\/rs-layer><!--\n\n\t\t\t\t\t\t\t--><rs-layer\n\t\t\t\t\t\t\t\tid=\"slider-171-slide-543-layer-5\" \n\t\t\t\t\t\t\t\tdata-type=\"image\"\n\t\t\t\t\t\t\t\tdata-rsp_ch=\"on\"\n\t\t\t\t\t\t\t\tdata-xy=\"xo:137px,137px,137px,197px;yo:-105px,-105px,-105px,-87px;\"\n\t\t\t\t\t\t\t\tdata-text=\"w:normal;s:20,20,20,11;l:0,0,0,14;\"\n\t\t\t\t\t\t\t\tdata-dim=\"w:230px,230px,230px,172px;h:230px,230px,230px,172px;\"\n\t\t\t\t\t\t\t\tdata-btrans=\"o:0.1;\"\n\t\t\t\t\t\t\t\tdata-frame_0=\"y:-50,-50,-50,-28;\"\n\t\t\t\t\t\t\t\tdata-frame_1=\"st:610;sp:1380;sR:610;\"\n\t\t\t\t\t\t\t\tdata-frame_999=\"o:0;st:w;sR:7010;\"\n\t\t\t\t\t\t\t\tdata-loop_999=\"rZ:360;sp:50000;st:0;\"\n\t\t\t\t\t\t\t\tstyle=\"z-index:7;\"\n\t\t\t\t\t\t\t><img decoding=\"async\" src=\"\/\/linkcard.app\/wp-content\/plugins\/revslider\/sr6\/assets\/assets\/dummy.png\" alt=\"\" class=\"tp-rs-img rs-lazyload\" width=\"450\" height=\"450\" data-lazyload=\"\/\/linkcard.app\/wp-content\/uploads\/2024\/10\/BC_Panel_05.svg\" data-no-retina> \n\t\t\t\t\t\t\t<\/rs-layer><!--\n\n\t\t\t\t\t\t\t--><rs-layer\n\t\t\t\t\t\t\t\tid=\"slider-171-slide-543-layer-6\" \n\t\t\t\t\t\t\t\tdata-type=\"image\"\n\t\t\t\t\t\t\t\tdata-rsp_ch=\"on\"\n\t\t\t\t\t\t\t\tdata-xy=\"xo:598px,598px,598px,-39px;yo:59px,59px,59px,153px;\"\n\t\t\t\t\t\t\t\tdata-text=\"w:normal;s:20,20,20,11;l:0,0,0,14;\"\n\t\t\t\t\t\t\t\tdata-dim=\"w:94px,94px,94px,100px;h:94px,94px,94px,100px;\"\n\t\t\t\t\t\t\t\tdata-frame_0=\"y:50,50,50,28;\"\n\t\t\t\t\t\t\t\tdata-frame_1=\"st:920;sp:1410;sR:920;\"\n\t\t\t\t\t\t\t\tdata-frame_999=\"o:0;st:w;sR:6670;\"\n\t\t\t\t\t\t\t\tdata-loop_999=\"rZ:360;sp:30000;st:0;\"\n\t\t\t\t\t\t\t\tstyle=\"z-index:13;\"\n\t\t\t\t\t\t\t><img decoding=\"async\" src=\"\/\/linkcard.app\/wp-content\/plugins\/revslider\/sr6\/assets\/assets\/dummy.png\" alt=\"\" class=\"tp-rs-img rs-lazyload\" width=\"450\" height=\"450\" data-lazyload=\"\/\/linkcard.app\/wp-content\/uploads\/2024\/10\/BC_Panel_02.svg\" data-no-retina> \n\t\t\t\t\t\t\t<\/rs-layer><!--\n\n\t\t\t\t\t\t\t--><a id=\"slider-171-slide-543-layer-7\" class=\"rs-layer rev-btn\" href=\"https:\/\/apps.apple.com\/cr\/app\/linkcard-wallet\/id1511434469\" target=\"_blank\" rel=\"noopener\" data-type=\"button\" data-rsp_ch=\"on\" data-xy=\"x:l,l,l,c;xo:273px,273px,273px,0;y:b,b,b,m;yo:29px,29px,29px,83px;\" data-text=\"w:normal;s:18,18,18,16;l:50,50,50,47;fw:500;\" data-dim=\"w:171px,171px,171px,195px;h:50px,50px,50px,47px;minh:0px,0px,0px,none;\" data-padding=\"r:40,40,40,37;l:40,40,40,37;\" data-border=\"bor:30px,30px,30px,30px;\" data-frame_0=\"x:0,0,0,0px;y:50,50,50,47px;\" data-frame_1=\"x:0,0,0,0px;y:0,0,0,0px;st:950;sp:1000;sR:950;\" data-frame_999=\"o:0;st:w;sR:7050;\" data-frame_hover=\"bgc:#1c1c1c;bor:30px,30px,30px,30px;e:power1.inOut;bri:120%;\" style=\"z-index:9;background-color:#000000;font-family:&#039;Roboto&#039;;\"><i class=\"fa-apple\"><\/i>  IOS APP  \n\t\t\t\t\t\t\t<\/a><!--\n-->\t\t\t\t\t<\/rs-slide>\n\t\t\t\t\t\t<rs-slide style=\"position: absolute;\" data-key=\"rs-524\" data-title=\"Slide\" data-in=\"o:0;\" data-out=\"a:false;\">\n\t\t\t\t\t\t\t<img decoding=\"async\" src=\"\/\/linkcard.app\/wp-content\/plugins\/revslider\/sr6\/assets\/assets\/dummy.png\" alt=\"Slide\" title=\"Banner Dashboard\" class=\"rev-slidebg tp-rs-img rs-lazyload\" data-lazyload=\"\/\/linkcard.app\/wp-content\/plugins\/revslider\/sr6\/assets\/assets\/transparent.png\" data-no-retina>\n<!--\n\t\t\t\t\t\t\t--><rs-layer\n\t\t\t\t\t\t\t\tid=\"slider-171-slide-524-layer-0\" \n\t\t\t\t\t\t\t\tdata-type=\"shape\"\n\t\t\t\t\t\t\t\tdata-rsp_ch=\"on\"\n\t\t\t\t\t\t\t\tdata-xy=\"x:c;y:m;\"\n\t\t\t\t\t\t\t\tdata-text=\"w:normal;s:20,20,20,11;l:0,0,0,14;\"\n\t\t\t\t\t\t\t\tdata-dim=\"w:100%;h:100%;\"\n\t\t\t\t\t\t\t\tdata-border=\"bor:25px,25px,25px,25px;\"\n\t\t\t\t\t\t\t\tdata-frame_999=\"o:0;st:w;sR:8700;\"\n\t\t\t\t\t\t\t\tstyle=\"z-index:6;background:linear-gradient(90deg, rgba(22,55,109,1) 0%, rgba(26,181,201,1) 100%);\"\n\t\t\t\t\t\t\t> \n\t\t\t\t\t\t\t<\/rs-layer><!--\n\n\t\t\t\t\t\t\t--><rs-layer\n\t\t\t\t\t\t\t\tid=\"slider-171-slide-524-layer-1\" \n\t\t\t\t\t\t\t\tdata-type=\"text\"\n\t\t\t\t\t\t\t\tdata-rsp_ch=\"on\"\n\t\t\t\t\t\t\t\tdata-xy=\"x:l,l,l,c;xo:43px,43px,43px,0;yo:25px,25px,25px,24px;\"\n\t\t\t\t\t\t\t\tdata-text=\"w:normal;s:30,30,30,36;l:32,32,32,38;fw:600;a:left,left,left,center;\"\n\t\t\t\t\t\t\t\tdata-dim=\"w:262px,262px,262px,296px;\"\n\t\t\t\t\t\t\t\tdata-frame_0=\"x:-50,-50,-50,-62px;y:0,0,0,0px;\"\n\t\t\t\t\t\t\t\tdata-frame_1=\"x:0,0,0,0px;y:0,0,0,0px;sp:1000;\"\n\t\t\t\t\t\t\t\tdata-frame_999=\"o:0;st:w;sR:8000;\"\n\t\t\t\t\t\t\t\tstyle=\"z-index:10;font-family:'Nunito';\"\n\t\t\t\t\t\t\t>Aprende todo sobre Linkcard \n\t\t\t\t\t\t\t<\/rs-layer><!--\n\n\t\t\t\t\t\t\t--><rs-layer\n\t\t\t\t\t\t\t\tid=\"slider-171-slide-524-layer-2\" \n\t\t\t\t\t\t\t\tdata-type=\"text\"\n\t\t\t\t\t\t\t\tdata-rsp_ch=\"on\"\n\t\t\t\t\t\t\t\tdata-xy=\"x:l,l,l,c;xo:45px,45px,45px,0;yo:102px,102px,102px,114px;\"\n\t\t\t\t\t\t\t\tdata-text=\"w:normal;s:18,18,18,16;l:22,22,22,21;fw:500;a:left,left,left,center;\"\n\t\t\t\t\t\t\t\tdata-dim=\"w:315px,315px,315px,293px;\"\n\t\t\t\t\t\t\t\tdata-frame_0=\"x:-50,-50,-50,-47px;y:0,0,0,0px;\"\n\t\t\t\t\t\t\t\tdata-frame_1=\"x:0,0,0,0px;y:0,0,0,0px;st:240;sp:1000;sR:240;\"\n\t\t\t\t\t\t\t\tdata-frame_999=\"o:0;st:w;sR:7760;\"\n\t\t\t\t\t\t\t\tstyle=\"z-index:9;font-family:'Nunito';\"\n\t\t\t\t\t\t\t>Visita nuestro blog y descubre consejos e informaci\u00f3n \u00fatil que te convertir\u00e1n en un experto en Linkcard.<br \/>\n \n\t\t\t\t\t\t\t<\/rs-layer><!--\n\n\t\t\t\t\t\t\t--><a id=\"slider-171-slide-524-layer-3\" class=\"rs-layer rev-btn\" href=\"https:\/\/linkcard.app\/es\/tips-tricks\/\" target=\"_blank\" rel=\"noopener\" data-type=\"button\" data-rsp_ch=\"on\" data-xy=\"x:l,l,l,c;xo:39px,39px,39px,0;y:b,b,b,m;yo:29px,29px,29px,82px;\" data-text=\"w:normal;s:18;l:50,50,50,52;fw:500;\" data-dim=\"w:214px,214px,214px,203px;h:50px,50px,50px,52px;minh:0px,0px,0px,none;\" data-padding=\"r:40,40,40,41;l:40,40,40,41;\" data-border=\"bor:30px,30px,30px,30px;\" data-frame_0=\"x:0,0,0,0px;y:50,50,50,52px;\" data-frame_1=\"x:0,0,0,0px;y:0,0,0,0px;st:520;sp:1000;sR:520;\" data-frame_999=\"o:0;st:w;sR:7480;\" data-frame_hover=\"bgc:linear-gradient(90deg, rgba(239,133,76,1) 0%, rgba(239,181,55,1) 100%);bor:30px,30px,30px,30px;e:power1.inOut;bri:120%;\" style=\"z-index:8;background:linear-gradient(90deg, rgba(239,159,115,1) 0%, rgba(239,200,115,1) 100%);font-family:&#039;Roboto&#039;;\">LEER EL BLOG \n\t\t\t\t\t\t\t<\/a><!--\n\n\t\t\t\t\t\t\t--><rs-layer\n\t\t\t\t\t\t\t\tid=\"slider-171-slide-524-layer-4\" \n\t\t\t\t\t\t\t\tdata-type=\"image\"\n\t\t\t\t\t\t\t\tdata-rsp_ch=\"on\"\n\t\t\t\t\t\t\t\tdata-xy=\"x:l,l,l,c;xo:374px,374px,374px,79px;y:t,t,t,m;yo:13px,13px,13px,144px;\"\n\t\t\t\t\t\t\t\tdata-text=\"w:normal;s:20,20,20,11;l:0,0,0,14;\"\n\t\t\t\t\t\t\t\tdata-dim=\"w:323px,323px,323px,222px;h:323px,323px,323px,222px;\"\n\t\t\t\t\t\t\t\tdata-vbility=\"t,t,t,f\"\n\t\t\t\t\t\t\t\tdata-frame_0=\"y:50,50,50,28;\"\n\t\t\t\t\t\t\t\tdata-frame_1=\"st:780;sp:1530;sR:780;\"\n\t\t\t\t\t\t\t\tdata-frame_999=\"o:0;st:w;sR:6690;\"\n\t\t\t\t\t\t\t\tstyle=\"z-index:7;\"\n\t\t\t\t\t\t\t><img decoding=\"async\" src=\"\/\/linkcard.app\/wp-content\/plugins\/revslider\/sr6\/assets\/assets\/dummy.png\" alt=\"\" class=\"tp-rs-img rs-lazyload\" width=\"1024\" height=\"1024\" data-lazyload=\"\/\/linkcard.app\/wp-content\/uploads\/2024\/10\/3.avif\" data-no-retina> \n\t\t\t\t\t\t\t<\/rs-layer><!--\n\n\t\t\t\t\t\t\t--><rs-layer\n\t\t\t\t\t\t\t\tid=\"slider-171-slide-524-layer-5\" \n\t\t\t\t\t\t\t\tdata-type=\"image\"\n\t\t\t\t\t\t\t\tdata-rsp_ch=\"on\"\n\t\t\t\t\t\t\t\tdata-xy=\"xo:273px,273px,273px,160px;yo:189px,189px,189px,-103px;\"\n\t\t\t\t\t\t\t\tdata-text=\"w:normal;s:20,20,20,11;l:0,0,0,14;\"\n\t\t\t\t\t\t\t\tdata-dim=\"w:142px,142px,142px,202px;h:142px,142px,142px,202px;\"\n\t\t\t\t\t\t\t\tdata-btrans=\"o:0.2;\"\n\t\t\t\t\t\t\t\tdata-frame_0=\"y:-50,-50,-50,-28;\"\n\t\t\t\t\t\t\t\tdata-frame_1=\"st:610;sp:1380;sR:610;\"\n\t\t\t\t\t\t\t\tdata-frame_999=\"o:0;st:w;sR:7010;\"\n\t\t\t\t\t\t\t\tdata-loop_999=\"rZ:360;sp:50000;st:0;\"\n\t\t\t\t\t\t\t\tstyle=\"z-index:11;\"\n\t\t\t\t\t\t\t><img decoding=\"async\" src=\"\/\/linkcard.app\/wp-content\/plugins\/revslider\/sr6\/assets\/assets\/dummy.png\" alt=\"\" class=\"tp-rs-img rs-lazyload\" width=\"527\" height=\"527\" data-lazyload=\"\/\/linkcard.app\/wp-content\/uploads\/2024\/02\/Asterisco.svg\" data-no-retina> \n\t\t\t\t\t\t\t<\/rs-layer><!--\n\n\t\t\t\t\t\t\t--><rs-layer\n\t\t\t\t\t\t\t\tid=\"slider-171-slide-524-layer-6\" \n\t\t\t\t\t\t\t\tdata-type=\"image\"\n\t\t\t\t\t\t\t\tdata-rsp_ch=\"on\"\n\t\t\t\t\t\t\t\tdata-xy=\"xo:351px,351px,351px,-52px;yo:-33px,-33px,-33px,134px;\"\n\t\t\t\t\t\t\t\tdata-text=\"w:normal;s:20,20,20,11;l:0,0,0,14;\"\n\t\t\t\t\t\t\t\tdata-dim=\"w:104px,104px,104px,111px;h:104px,104px,104px,111px;\"\n\t\t\t\t\t\t\t\tdata-btrans=\"o:0.2;\"\n\t\t\t\t\t\t\t\tdata-frame_0=\"y:50,50,50,28;\"\n\t\t\t\t\t\t\t\tdata-frame_1=\"st:920;sp:1410;sR:920;\"\n\t\t\t\t\t\t\t\tdata-frame_999=\"o:0;st:w;sR:6670;\"\n\t\t\t\t\t\t\t\tdata-loop_999=\"rZ:360;sp:30000;st:0;\"\n\t\t\t\t\t\t\t\tstyle=\"z-index:12;\"\n\t\t\t\t\t\t\t><img decoding=\"async\" src=\"\/\/linkcard.app\/wp-content\/plugins\/revslider\/sr6\/assets\/assets\/dummy.png\" alt=\"\" class=\"tp-rs-img rs-lazyload\" width=\"527\" height=\"527\" data-lazyload=\"\/\/linkcard.app\/wp-content\/uploads\/2024\/02\/Bola.svg\" data-no-retina> \n\t\t\t\t\t\t\t<\/rs-layer><!--\n-->\t\t\t\t\t<\/rs-slide>\n\t\t\t\t\t<\/rs-slides>\n\t\t\t\t<\/rs-module>\n\t\t\t\t<script>\n\t\t\t\t\tsetREVStartSize({c: 'rev_slider_171_1',rl:[1240,1240,1240,480],el:[280,280,280,280],gw:[700,700,700,400],gh:[280,280,280,280],type:'standard',justify:'',layout:'fullwidth',mh:\"0\"});if (window.RS_MODULES!==undefined && window.RS_MODULES.modules!==undefined && window.RS_MODULES.modules[\"revslider1711\"]!==undefined) {window.RS_MODULES.modules[\"revslider1711\"].once = false;window.revapi171 = undefined;if (window.RS_MODULES.checkMinimal!==undefined) window.RS_MODULES.checkMinimal()}\n\t\t\t\t<\/script>\n\t\t\t<\/rs-module-wrap>\n\t\t\t<!-- END REVOLUTION SLIDER -->\n[\/vc_column][\/vc_row]<\/p>\n<\/div>","protected":false},"excerpt":{"rendered":"<p>[vc_row full_width=\u00bbstretch_row_content_no_spaces\u00bb full_height=\u00bbyes\u00bb css=\u00bb.vc_custom_1726778579651{background-color: #ededed !important;}\u00bb woodmart_css_id=\u00bb66ec8ccca2471&#8243; responsive_spacing=\u00bbeyJwYXJhbV90eXBlIjoid29vZG1hcnRfcmVzcG9uc2l2ZV9zcGFjaW5nIiwic2VsZWN0b3JfaWQiOiI2NmVjOGNjY2EyNDcxIiwic2hvcnRjb2RlIjoidmNfcm93IiwiZGF0YSI6eyJ0YWJsZXQiOnt9LCJtb2JpbGUiOnt9fX0=\u00bb mobile_bg_img_hidden=\u00bbno\u00bb tablet_bg_img_hidden=\u00bbno\u00bb woodmart_parallax=\u00bb0&#8243; woodmart_gradient_switch=\u00bbno\u00bb woodmart_box_shadow=\u00bbno\u00bb wd_z_index=\u00bbno\u00bb woodmart_disable_overflow=\u00bb0&#8243; row_reverse_mobile=\u00bb0&#8243; row_reverse_tablet=\u00bb0&#8243;][vc_column][\/vc_column][\/vc_row]<\/p>\n","protected":false},"author":1,"featured_media":0,"parent":0,"menu_order":0,"comment_status":"closed","ping_status":"closed","template":"","meta":{"_joinchat":[],"footnotes":""},"class_list":["post-1730","page","type-page","status-publish","hentry"],"_links":{"self":[{"href":"https:\/\/linkcard.app\/es\/wp-json\/wp\/v2\/pages\/1730","targetHints":{"allow":["GET"]}}],"collection":[{"href":"https:\/\/linkcard.app\/es\/wp-json\/wp\/v2\/pages"}],"about":[{"href":"https:\/\/linkcard.app\/es\/wp-json\/wp\/v2\/types\/page"}],"author":[{"embeddable":true,"href":"https:\/\/linkcard.app\/es\/wp-json\/wp\/v2\/users\/1"}],"replies":[{"embeddable":true,"href":"https:\/\/linkcard.app\/es\/wp-json\/wp\/v2\/comments?post=1730"}],"version-history":[{"count":0,"href":"https:\/\/linkcard.app\/es\/wp-json\/wp\/v2\/pages\/1730\/revisions"}],"wp:attachment":[{"href":"https:\/\/linkcard.app\/es\/wp-json\/wp\/v2\/media?parent=1730"}],"curies":[{"name":"wp","href":"https:\/\/api.w.org\/{rel}","templated":true}]}}