{"id":1167,"date":"2023-12-12T18:46:58","date_gmt":"2023-12-12T18:46:58","guid":{"rendered":"https:\/\/linkcard.app\/?page_id=1167"},"modified":"2024-11-25T19:25:17","modified_gmt":"2024-11-25T19:25:17","slug":"banner-login","status":"publish","type":"page","link":"https:\/\/linkcard.app\/es\/banner-login\/","title":{"rendered":"Banner Login"},"content":{"rendered":"<div class=\"wpb-content-wrapper\"><p>[vc_row full_width=\u00bbstretch_row_content_no_spaces\u00bb woodmart_css_id=\u00bb662125d142f27&#8243; responsive_spacing=\u00bbeyJwYXJhbV90eXBlIjoid29vZG1hcnRfcmVzcG9uc2l2ZV9zcGFjaW5nIiwic2VsZWN0b3JfaWQiOiI2NjIxMjVkMTQyZjI3Iiwic2hvcnRjb2RlIjoidmNfcm93IiwiZGF0YSI6eyJ0YWJsZXQiOnt9LCJtb2JpbGUiOnt9fX0=\u00bb mobile_bg_img_hidden=\u00bbno\u00bb tablet_bg_img_hidden=\u00bbno\u00bb woodmart_parallax=\u00bb0&#8243; woodmart_gradient_switch=\u00bbno\u00bb woodmart_box_shadow=\u00bbno\u00bb wd_z_index=\u00bbno\u00bb woodmart_disable_overflow=\u00bb0&#8243; row_reverse_mobile=\u00bb0&#8243; row_reverse_tablet=\u00bb0&#8243; css=\u00bb.vc_custom_1713448406741{background-color: #0075ea !important;}\u00bb][vc_column]\n\t\t\t<!-- START Banner Login ESP REVOLUTION SLIDER 6.7.38 --><p class=\"rs-p-wp-fix\"><\/p>\n\t\t\t<rs-module-wrap id=\"rev_slider_169_1_wrapper\" data-source=\"gallery\" style=\"visibility:hidden;background:rgba(37,126,242,0);padding:0;margin:0px auto;margin-top:0;margin-bottom:0;\">\n\t\t\t\t<rs-module id=\"rev_slider_169_1\" style=\"\" data-version=\"6.7.38\">\n\t\t\t\t\t<rs-slides style=\"overflow: hidden; position: absolute;\">\n\t\t\t\t\t\t<rs-slide style=\"position: absolute;\" data-key=\"rs-545\" data-title=\"Linkcard Wallet\" data-duration=\"10000ms\" data-in=\"o:0;\" data-out=\"a:false;\">\n\t\t\t\t\t\t\t<img decoding=\"async\" src=\"\/\/linkcard.app\/wp-content\/plugins\/revslider\/sr6\/assets\/assets\/dummy.png\" alt=\"Linkcard Wallet\" title=\"Banner Login\" class=\"rev-slidebg tp-rs-img rs-lazyload\" data-lazyload=\"\/\/linkcard.app\/wp-content\/plugins\/revslider\/sr6\/assets\/assets\/transparent.png\" data-no-retina>\n<!--\n\t\t\t\t\t\t\t--><rs-layer\n\t\t\t\t\t\t\t\tid=\"slider-169-slide-545-layer-0\" \n\t\t\t\t\t\t\t\tdata-type=\"shape\"\n\t\t\t\t\t\t\t\tdata-rsp_ch=\"on\"\n\t\t\t\t\t\t\t\tdata-xy=\"x:c;y:c;\"\n\t\t\t\t\t\t\t\tdata-text=\"w:normal;\"\n\t\t\t\t\t\t\t\tdata-dim=\"w:100%;h:100%;\"\n\t\t\t\t\t\t\t\tdata-border=\"bor:0,20px,20px,0;\"\n\t\t\t\t\t\t\t\tdata-frame_999=\"o:0;st:w;sR:8700;\"\n\t\t\t\t\t\t\t\tstyle=\"z-index:6;background-color:#1fc0ff;\"\n\t\t\t\t\t\t\t> \n\t\t\t\t\t\t\t<\/rs-layer><!--\n\n\t\t\t\t\t\t\t--><rs-layer\n\t\t\t\t\t\t\t\tid=\"slider-169-slide-545-layer-1\" \n\t\t\t\t\t\t\t\tdata-type=\"text\"\n\t\t\t\t\t\t\t\tdata-color=\"#005470\"\n\t\t\t\t\t\t\t\tdata-rsp_ch=\"on\"\n\t\t\t\t\t\t\t\tdata-xy=\"x:62px;y:41px;\"\n\t\t\t\t\t\t\t\tdata-text=\"w:normal;s:54;l:50;fw:700;\"\n\t\t\t\t\t\t\t\tdata-dim=\"w:424px;\"\n\t\t\t\t\t\t\t\tdata-frame_0=\"x:-50;\"\n\t\t\t\t\t\t\t\tdata-frame_1=\"sp:1000;\"\n\t\t\t\t\t\t\t\tdata-frame_999=\"o:0;st:w;sR:8000;\"\n\t\t\t\t\t\t\t\tstyle=\"z-index:11;font-family:'Nunito';\"\n\t\t\t\t\t\t\t>Descarga Linkcard Wallet<br \/>\n \n\t\t\t\t\t\t\t<\/rs-layer><!--\n\n\t\t\t\t\t\t\t--><rs-layer\n\t\t\t\t\t\t\t\tid=\"slider-169-slide-545-layer-2\" \n\t\t\t\t\t\t\t\tdata-type=\"text\"\n\t\t\t\t\t\t\t\tdata-color=\"#005470\"\n\t\t\t\t\t\t\t\tdata-rsp_ch=\"on\"\n\t\t\t\t\t\t\t\tdata-xy=\"x:67px;y:165px;\"\n\t\t\t\t\t\t\t\tdata-text=\"w:normal;s:22;l:24;fw:500;\"\n\t\t\t\t\t\t\t\tdata-dim=\"w:327;\"\n\t\t\t\t\t\t\t\tdata-frame_0=\"x:-57px;\"\n\t\t\t\t\t\t\t\tdata-frame_1=\"st:250;sp:1000;sR:250;\"\n\t\t\t\t\t\t\t\tdata-frame_999=\"o:0;st:w;sR:7750;\"\n\t\t\t\t\t\t\t\tstyle=\"z-index:10;font-family:'Nunito';\"\n\t\t\t\t\t\t\t>Accede y comparte todas tus Linkcards rapidamente desde nuestra app de Android e IOS.<br \/>\n \n\t\t\t\t\t\t\t<\/rs-layer><!--\n\n\t\t\t\t\t\t\t--><a id=\"slider-169-slide-545-layer-3\" class=\"rs-layer rev-btn\" href=\"https:\/\/play.google.com\/store\/apps\/details?id=app.linkcard.wallet\" target=\"_blank\" rel=\"noopener\" data-type=\"button\" data-color=\"#ffffff\" data-rsp_ch=\"on\" data-xy=\"x:67px;y:262px;\" data-text=\"w:normal;l:48;fw:500;\" data-dim=\"minh:0;\" data-padding=\"r:30;l:30;\" data-border=\"bor:25px,25px,25px,25px;\" data-frame_0=\"x:-50;\" data-frame_1=\"st:480;sp:1000;sR:480;\" data-frame_999=\"o:0;st:w;sR:7520;\" data-frame_hover=\"c:#fff;bgc:#1c1c1c;bor:25px,25px,25px,25px;bri:120%;\" style=\"z-index:9;background-color:#000000;font-family:&#039;Roboto&#039;;\"> <i class=\"material-icons\">android<\/i> ANDROID APP \n\t\t\t\t\t\t\t<\/a><!--\n\n\t\t\t\t\t\t\t--><rs-layer\n\t\t\t\t\t\t\t\tid=\"slider-169-slide-545-layer-7\" \n\t\t\t\t\t\t\t\tdata-type=\"image\"\n\t\t\t\t\t\t\t\tdata-rsp_ch=\"on\"\n\t\t\t\t\t\t\t\tdata-xy=\"x:c;xo:143px;y:b;yo:-53px;\"\n\t\t\t\t\t\t\t\tdata-text=\"w:normal;\"\n\t\t\t\t\t\t\t\tdata-dim=\"w:487px;h:609px;\"\n\t\t\t\t\t\t\t\tdata-frame_999=\"o:0;st:w;\"\n\t\t\t\t\t\t\t\tstyle=\"z-index:7;\"\n\t\t\t\t\t\t\t><img decoding=\"async\" src=\"\/\/linkcard.app\/wp-content\/plugins\/revslider\/sr6\/assets\/assets\/dummy.png\" alt=\"\" class=\"tp-rs-img rs-lazyload\" width=\"1080\" height=\"1350\" data-lazyload=\"\/\/linkcard.app\/wp-content\/uploads\/2025\/08\/The-Linkcard-app-is-here.jpg\" data-no-retina> \n\t\t\t\t\t\t\t<\/rs-layer><!--\n\n\t\t\t\t\t\t\t--><rs-layer\n\t\t\t\t\t\t\t\tid=\"slider-169-slide-545-layer-10\" \n\t\t\t\t\t\t\t\tdata-type=\"image\"\n\t\t\t\t\t\t\t\tdata-rsp_ch=\"on\"\n\t\t\t\t\t\t\t\tdata-xy=\"x:-129px;y:412px;\"\n\t\t\t\t\t\t\t\tdata-text=\"w:normal;\"\n\t\t\t\t\t\t\t\tdata-dim=\"w:432px;h:432px;\"\n\t\t\t\t\t\t\t\tdata-btrans=\"o:0.3;\"\n\t\t\t\t\t\t\t\tdata-frame_999=\"o:0;st:w;\"\n\t\t\t\t\t\t\t\tdata-loop_999=\"rZ:360;sp:90000;st:0;\"\n\t\t\t\t\t\t\t\tstyle=\"z-index:13;\"\n\t\t\t\t\t\t\t><img decoding=\"async\" src=\"\/\/linkcard.app\/wp-content\/plugins\/revslider\/sr6\/assets\/assets\/dummy.png\" alt=\"\" class=\"tp-rs-img rs-lazyload\" width=\"450\" height=\"450\" data-lazyload=\"\/\/linkcard.app\/wp-content\/uploads\/2024\/10\/BC_Panel_05.svg\" data-no-retina> \n\t\t\t\t\t\t\t<\/rs-layer><!--\n\n\t\t\t\t\t\t\t--><rs-layer\n\t\t\t\t\t\t\t\tid=\"slider-169-slide-545-layer-11\" \n\t\t\t\t\t\t\t\tdata-type=\"image\"\n\t\t\t\t\t\t\t\tdata-rsp_ch=\"on\"\n\t\t\t\t\t\t\t\tdata-xy=\"x:540px;y:20px;\"\n\t\t\t\t\t\t\t\tdata-text=\"w:normal;\"\n\t\t\t\t\t\t\t\tdata-dim=\"w:182px;h:182px;\"\n\t\t\t\t\t\t\t\tdata-btrans=\"o:0.5;\"\n\t\t\t\t\t\t\t\tdata-frame_999=\"o:0;st:w;\"\n\t\t\t\t\t\t\t\tdata-loop_999=\"rZ:360;sp:80000;st:0;\"\n\t\t\t\t\t\t\t\tstyle=\"z-index:12;\"\n\t\t\t\t\t\t\t><img decoding=\"async\" src=\"\/\/linkcard.app\/wp-content\/plugins\/revslider\/sr6\/assets\/assets\/dummy.png\" alt=\"\" class=\"tp-rs-img rs-lazyload\" width=\"450\" height=\"450\" data-lazyload=\"\/\/linkcard.app\/wp-content\/uploads\/2024\/10\/BC_Panel_02.svg\" data-no-retina> \n\t\t\t\t\t\t\t<\/rs-layer><!--\n\n\t\t\t\t\t\t\t--><a id=\"slider-169-slide-545-layer-13\" class=\"rs-layer rev-btn\" href=\"https:\/\/apps.apple.com\/cr\/app\/linkcard-wallet\/id1511434469\" target=\"_blank\" rel=\"noopener\" data-type=\"button\" data-color=\"#ffffff\" data-rsp_ch=\"on\" data-xy=\"x:296px;y:262px;\" data-text=\"w:normal;l:48;fw:500;\" data-dim=\"minh:0;\" data-padding=\"r:30;l:30;\" data-border=\"bor:25px,25px,25px,25px;\" data-frame_0=\"x:-50;\" data-frame_1=\"st:480;sp:1000;sR:480;\" data-frame_999=\"o:0;st:w;sR:7520;\" data-frame_hover=\"c:#fff;bgc:#1c1c1c;bor:25px,25px,25px,25px;bri:120%;\" style=\"z-index:8;background-color:#000000;font-family:&#039;Roboto&#039;;\"><i class=\"fa-apple\"><\/i> IOS APP \n\t\t\t\t\t\t\t<\/a><!--\n-->\t\t\t\t\t<\/rs-slide>\n\t\t\t\t\t\t<rs-slide style=\"position: absolute;\" data-key=\"rs-521\" data-title=\"Loyaty\" data-duration=\"10000ms\" data-in=\"o:0;\" data-out=\"a:false;\">\n\t\t\t\t\t\t\t<img decoding=\"async\" src=\"\/\/linkcard.app\/wp-content\/plugins\/revslider\/sr6\/assets\/assets\/dummy.png\" alt=\"Loyaty\" title=\"Banner Login\" class=\"rev-slidebg tp-rs-img rs-lazyload\" data-lazyload=\"\/\/linkcard.app\/wp-content\/plugins\/revslider\/sr6\/assets\/assets\/transparent.png\" data-no-retina>\n<!--\n\t\t\t\t\t\t\t--><rs-layer\n\t\t\t\t\t\t\t\tid=\"slider-169-slide-521-layer-0\" \n\t\t\t\t\t\t\t\tdata-type=\"shape\"\n\t\t\t\t\t\t\t\tdata-rsp_ch=\"on\"\n\t\t\t\t\t\t\t\tdata-xy=\"x:c;y:c;\"\n\t\t\t\t\t\t\t\tdata-text=\"w:normal;\"\n\t\t\t\t\t\t\t\tdata-dim=\"w:100%;h:100%;\"\n\t\t\t\t\t\t\t\tdata-border=\"bor:0,20px,20px,0;\"\n\t\t\t\t\t\t\t\tdata-frame_999=\"o:0;st:w;sR:8700;\"\n\t\t\t\t\t\t\t\tstyle=\"z-index:6;background:linear-gradient(90deg, rgba(239,159,115,1) 0%, rgba(239,200,115,1) 100%);\"\n\t\t\t\t\t\t\t> \n\t\t\t\t\t\t\t<\/rs-layer><!--\n\n\t\t\t\t\t\t\t--><rs-layer\n\t\t\t\t\t\t\t\tid=\"slider-169-slide-521-layer-1\" \n\t\t\t\t\t\t\t\tdata-type=\"text\"\n\t\t\t\t\t\t\t\tdata-color=\"#ffffff\"\n\t\t\t\t\t\t\t\tdata-rsp_ch=\"on\"\n\t\t\t\t\t\t\t\tdata-xy=\"x:62px;y:41px;\"\n\t\t\t\t\t\t\t\tdata-text=\"w:normal;s:54;l:50;fw:700;\"\n\t\t\t\t\t\t\t\tdata-dim=\"w:538px;\"\n\t\t\t\t\t\t\t\tdata-frame_0=\"x:-50;\"\n\t\t\t\t\t\t\t\tdata-frame_1=\"sp:1000;\"\n\t\t\t\t\t\t\t\tdata-frame_999=\"o:0;st:w;sR:8000;\"\n\t\t\t\t\t\t\t\tstyle=\"z-index:9;font-family:'Nunito';\"\n\t\t\t\t\t\t\t>Prueba Linkcard Loyalty gratis! <br \/>\n \n\t\t\t\t\t\t\t<\/rs-layer><!--\n\n\t\t\t\t\t\t\t--><rs-layer\n\t\t\t\t\t\t\t\tid=\"slider-169-slide-521-layer-2\" \n\t\t\t\t\t\t\t\tdata-type=\"text\"\n\t\t\t\t\t\t\t\tdata-color=\"#ffffff\"\n\t\t\t\t\t\t\t\tdata-rsp_ch=\"on\"\n\t\t\t\t\t\t\t\tdata-xy=\"x:67px;y:165px;\"\n\t\t\t\t\t\t\t\tdata-text=\"w:normal;s:19;l:21;fw:500;\"\n\t\t\t\t\t\t\t\tdata-dim=\"w:318px;\"\n\t\t\t\t\t\t\t\tdata-frame_0=\"x:-50;\"\n\t\t\t\t\t\t\t\tdata-frame_1=\"st:250;sp:1000;sR:250;\"\n\t\t\t\t\t\t\t\tdata-frame_999=\"o:0;st:w;sR:7750;\"\n\t\t\t\t\t\t\t\tstyle=\"z-index:8;font-family:'Nunito';\"\n\t\t\t\t\t\t\t>Crea impactantes programas de fidelizaci\u00f3n. Comienza a generar una fidelidad duradera de tus clientes con nuestra potente plataforma.<br \/>\n \n\t\t\t\t\t\t\t<\/rs-layer><!--\n\n\t\t\t\t\t\t\t--><a id=\"slider-169-slide-521-layer-3\" class=\"rs-layer rev-btn\" href=\"https:\/\/linkcard.app\/es\/loyalty\/\" target=\"_blank\" rel=\"noopener\" data-type=\"button\" data-color=\"#d88500\" data-rsp_ch=\"on\" data-xy=\"x:67px;y:276px;\" data-text=\"w:normal;l:48;fw:500;\" data-dim=\"minh:0;\" data-padding=\"r:30;l:30;\" data-border=\"bor:25px,25px,25px,25px;\" data-frame_0=\"x:-50;\" data-frame_1=\"st:480;sp:1000;sR:480;\" data-frame_999=\"o:0;st:w;sR:7520;\" data-frame_hover=\"c:#fff;bgc:#007aff;bor:25px,25px,25px,25px;bri:120%;\" style=\"z-index:7;background-color:#ffffff;font-family:&#039;Roboto&#039;;\">Descubre Linkcard Loyalty \n\t\t\t\t\t\t\t<\/a><!--\n\n\t\t\t\t\t\t\t--><rs-layer\n\t\t\t\t\t\t\t\tid=\"slider-169-slide-521-layer-7\" \n\t\t\t\t\t\t\t\tdata-type=\"image\"\n\t\t\t\t\t\t\t\tdata-rsp_ch=\"on\"\n\t\t\t\t\t\t\t\tdata-xy=\"x:c;xo:218px;y:b;yo:-7px;\"\n\t\t\t\t\t\t\t\tdata-text=\"w:normal;\"\n\t\t\t\t\t\t\t\tdata-dim=\"w:453px;h:588px;\"\n\t\t\t\t\t\t\t\tdata-frame_999=\"o:0;st:w;\"\n\t\t\t\t\t\t\t\tstyle=\"z-index:10;\"\n\t\t\t\t\t\t\t><img decoding=\"async\" src=\"\/\/linkcard.app\/wp-content\/plugins\/revslider\/sr6\/assets\/assets\/dummy.png\" alt=\"\" class=\"tp-rs-img rs-lazyload\" width=\"617\" height=\"800\" data-lazyload=\"\/\/linkcard.app\/wp-content\/uploads\/2024\/03\/Card_01.png\" data-no-retina> \n\t\t\t\t\t\t\t<\/rs-layer><!--\n\n\t\t\t\t\t\t\t--><rs-layer\n\t\t\t\t\t\t\t\tid=\"slider-169-slide-521-layer-10\" \n\t\t\t\t\t\t\t\tdata-type=\"image\"\n\t\t\t\t\t\t\t\tdata-rsp_ch=\"on\"\n\t\t\t\t\t\t\t\tdata-xy=\"x:-129px;y:412px;\"\n\t\t\t\t\t\t\t\tdata-text=\"w:normal;\"\n\t\t\t\t\t\t\t\tdata-dim=\"w:432px;h:432px;\"\n\t\t\t\t\t\t\t\tdata-btrans=\"o:0.5;\"\n\t\t\t\t\t\t\t\tdata-frame_999=\"o:0;st:w;\"\n\t\t\t\t\t\t\t\tdata-loop_999=\"rZ:360;sp:90000;st:0;\"\n\t\t\t\t\t\t\t\tstyle=\"z-index:11;\"\n\t\t\t\t\t\t\t><img decoding=\"async\" src=\"\/\/linkcard.app\/wp-content\/plugins\/revslider\/sr6\/assets\/assets\/dummy.png\" alt=\"\" class=\"tp-rs-img rs-lazyload\" width=\"500\" height=\"500\" data-lazyload=\"\/\/linkcard.app\/wp-content\/uploads\/2024\/04\/GR_Panel_04.svg\" data-no-retina> \n\t\t\t\t\t\t\t<\/rs-layer><!--\n\n\t\t\t\t\t\t\t--><rs-layer\n\t\t\t\t\t\t\t\tid=\"slider-169-slide-521-layer-11\" \n\t\t\t\t\t\t\t\tdata-type=\"image\"\n\t\t\t\t\t\t\t\tdata-rsp_ch=\"on\"\n\t\t\t\t\t\t\t\tdata-xy=\"x:571px;y:85px;\"\n\t\t\t\t\t\t\t\tdata-text=\"w:normal;\"\n\t\t\t\t\t\t\t\tdata-dim=\"w:163px;h:163px;\"\n\t\t\t\t\t\t\t\tdata-btrans=\"o:0.7;\"\n\t\t\t\t\t\t\t\tdata-frame_999=\"o:0;st:w;\"\n\t\t\t\t\t\t\t\tdata-loop_999=\"rZ:360;sp:80000;st:0;\"\n\t\t\t\t\t\t\t\tstyle=\"z-index:11;\"\n\t\t\t\t\t\t\t><img decoding=\"async\" src=\"\/\/linkcard.app\/wp-content\/plugins\/revslider\/sr6\/assets\/assets\/dummy.png\" alt=\"\" class=\"tp-rs-img rs-lazyload\" width=\"527\" height=\"527\" data-lazyload=\"\/\/linkcard.app\/wp-content\/uploads\/2024\/02\/Bola.svg\" data-no-retina> \n\t\t\t\t\t\t\t<\/rs-layer><!--\n\n\t\t\t\t\t\t\t--><rs-layer\n\t\t\t\t\t\t\t\tid=\"slider-169-slide-521-layer-12\" \n\t\t\t\t\t\t\t\tdata-type=\"image\"\n\t\t\t\t\t\t\t\tdata-rsp_ch=\"on\"\n\t\t\t\t\t\t\t\tdata-xy=\"x:238px;y:366px;\"\n\t\t\t\t\t\t\t\tdata-text=\"w:normal;\"\n\t\t\t\t\t\t\t\tdata-dim=\"w:113px;h:113px;\"\n\t\t\t\t\t\t\t\tdata-btrans=\"o:0.2;\"\n\t\t\t\t\t\t\t\tdata-frame_999=\"o:0;st:w;\"\n\t\t\t\t\t\t\t\tdata-loop_999=\"rZ:360;sp:90000;st:0;\"\n\t\t\t\t\t\t\t\tstyle=\"z-index:11;\"\n\t\t\t\t\t\t\t><img decoding=\"async\" src=\"\/\/linkcard.app\/wp-content\/plugins\/revslider\/sr6\/assets\/assets\/dummy.png\" alt=\"\" class=\"tp-rs-img rs-lazyload\" width=\"500\" height=\"500\" data-lazyload=\"\/\/linkcard.app\/wp-content\/uploads\/2024\/04\/GR_Panel_03.svg\" data-no-retina> \n\t\t\t\t\t\t\t<\/rs-layer><!--\n-->\t\t\t\t\t<\/rs-slide>\n\t\t\t\t\t\t<rs-slide style=\"position: absolute;\" data-key=\"rs-520\" data-title=\"Go Pro\" data-duration=\"10000ms\" data-in=\"o:0;\" data-out=\"a:false;\">\n\t\t\t\t\t\t\t<img decoding=\"async\" src=\"\/\/linkcard.app\/wp-content\/plugins\/revslider\/sr6\/assets\/assets\/dummy.png\" alt=\"Go Pro\" title=\"Banner Login\" class=\"rev-slidebg tp-rs-img rs-lazyload\" data-lazyload=\"\/\/linkcard.app\/wp-content\/plugins\/revslider\/sr6\/assets\/assets\/transparent.png\" data-no-retina>\n<!--\n\t\t\t\t\t\t\t--><rs-layer\n\t\t\t\t\t\t\t\tid=\"slider-169-slide-520-layer-0\" \n\t\t\t\t\t\t\t\tdata-type=\"shape\"\n\t\t\t\t\t\t\t\tdata-rsp_ch=\"on\"\n\t\t\t\t\t\t\t\tdata-xy=\"x:c;y:c;\"\n\t\t\t\t\t\t\t\tdata-text=\"w:normal;\"\n\t\t\t\t\t\t\t\tdata-dim=\"w:100%;h:100%;\"\n\t\t\t\t\t\t\t\tdata-border=\"bor:0,20px,20px,0;\"\n\t\t\t\t\t\t\t\tdata-frame_999=\"o:0;st:w;sR:8700;\"\n\t\t\t\t\t\t\t\tstyle=\"z-index:6;background:linear-gradient(90deg, rgba(198,68,252,1) 0%, rgba(73,75,183,1) 100%);\"\n\t\t\t\t\t\t\t> \n\t\t\t\t\t\t\t<\/rs-layer><!--\n\n\t\t\t\t\t\t\t--><rs-layer\n\t\t\t\t\t\t\t\tid=\"slider-169-slide-520-layer-1\" \n\t\t\t\t\t\t\t\tdata-type=\"text\"\n\t\t\t\t\t\t\t\tdata-color=\"#ffffff\"\n\t\t\t\t\t\t\t\tdata-rsp_ch=\"on\"\n\t\t\t\t\t\t\t\tdata-xy=\"x:62px;y:61px;\"\n\t\t\t\t\t\t\t\tdata-text=\"w:normal;s:54;l:50;fw:700;\"\n\t\t\t\t\t\t\t\tdata-dim=\"w:451px;\"\n\t\t\t\t\t\t\t\tdata-frame_0=\"x:-50;\"\n\t\t\t\t\t\t\t\tdata-frame_1=\"sp:1000;\"\n\t\t\t\t\t\t\t\tdata-frame_999=\"o:0;st:w;sR:8000;\"\n\t\t\t\t\t\t\t\tstyle=\"z-index:9;font-family:'Nunito';\"\n\t\t\t\t\t\t\t>Activa Linkcard Pro ilimitado! <br \/>\n \n\t\t\t\t\t\t\t<\/rs-layer><!--\n\n\t\t\t\t\t\t\t--><rs-layer\n\t\t\t\t\t\t\t\tid=\"slider-169-slide-520-layer-2\" \n\t\t\t\t\t\t\t\tdata-type=\"text\"\n\t\t\t\t\t\t\t\tdata-color=\"#ffffff\"\n\t\t\t\t\t\t\t\tdata-rsp_ch=\"on\"\n\t\t\t\t\t\t\t\tdata-xy=\"x:67px;y:180px;\"\n\t\t\t\t\t\t\t\tdata-text=\"w:normal;s:19;l:21;fw:500;\"\n\t\t\t\t\t\t\t\tdata-dim=\"w:349px;\"\n\t\t\t\t\t\t\t\tdata-frame_0=\"x:-50;\"\n\t\t\t\t\t\t\t\tdata-frame_1=\"st:250;sp:1000;sR:250;\"\n\t\t\t\t\t\t\t\tdata-frame_999=\"o:0;st:w;sR:7750;\"\n\t\t\t\t\t\t\t\tstyle=\"z-index:8;font-family:'Nunito';\"\n\t\t\t\t\t\t\t>Libera todo tu potencial al pasarte a Linkcard PRO. Crea todos tus recursos digitales sin l\u00edmites. Desde tarjetas de visita hasta firmas de correo electr\u00f3nico impactantes, y mucho m\u00e1s.! \n\t\t\t\t\t\t\t<\/rs-layer><!--\n\n\t\t\t\t\t\t\t--><a id=\"slider-169-slide-520-layer-3\" class=\"rs-layer rev-btn\" href=\"https:\/\/linkcard.app\/es\/\" target=\"_blank\" rel=\"noopener\" data-type=\"button\" data-color=\"#a500f2\" data-rsp_ch=\"on\" data-xy=\"x:64px;y:307px;\" data-text=\"w:normal;l:48;fw:500;\" data-dim=\"minh:0;\" data-padding=\"r:30;l:30;\" data-border=\"bor:25px,25px,25px,25px;\" data-frame_0=\"x:-50;\" data-frame_1=\"st:480;sp:1000;sR:480;\" data-frame_999=\"o:0;st:w;sR:7520;\" data-frame_hover=\"c:#fff;bgc:#007aff;bor:25px,25px,25px,25px;bri:120%;\" style=\"z-index:7;background-color:#ffffff;font-family:&#039;Roboto&#039;;\">Descubre Linkcard \n\t\t\t\t\t\t\t<\/a><!--\n\n\t\t\t\t\t\t\t--><rs-layer\n\t\t\t\t\t\t\t\tid=\"slider-169-slide-520-layer-4\" \n\t\t\t\t\t\t\t\tdata-type=\"image\"\n\t\t\t\t\t\t\t\tdata-rsp_ch=\"on\"\n\t\t\t\t\t\t\t\tdata-xy=\"x:368px;y:329px;\"\n\t\t\t\t\t\t\t\tdata-text=\"w:normal;\"\n\t\t\t\t\t\t\t\tdata-dim=\"w:266px;h:541px;\"\n\t\t\t\t\t\t\t\tdata-border=\"bor:30px,30px,0,0;\"\n\t\t\t\t\t\t\t\tdata-frame_0=\"y:bottom;\"\n\t\t\t\t\t\t\t\tdata-frame_1=\"st:660;sp:1000;sR:660;\"\n\t\t\t\t\t\t\t\tdata-frame_999=\"o:0;st:w;sR:7340;\"\n\t\t\t\t\t\t\t\tstyle=\"z-index:11;\"\n\t\t\t\t\t\t\t><img decoding=\"async\" src=\"\/\/linkcard.app\/wp-content\/plugins\/revslider\/sr6\/assets\/assets\/dummy.png\" alt=\"\" class=\"tp-rs-img rs-lazyload\" width=\"426\" height=\"868\" data-lazyload=\"\/\/linkcard.app\/wp-content\/uploads\/2023\/07\/BC_01.jpg\" data-no-retina> \n\t\t\t\t\t\t\t<\/rs-layer><!--\n\n\t\t\t\t\t\t\t--><rs-layer\n\t\t\t\t\t\t\t\tid=\"slider-169-slide-520-layer-5\" \n\t\t\t\t\t\t\t\tdata-type=\"image\"\n\t\t\t\t\t\t\t\tdata-rsp_ch=\"on\"\n\t\t\t\t\t\t\t\tdata-xy=\"x:237px;y:401px;\"\n\t\t\t\t\t\t\t\tdata-text=\"w:normal;\"\n\t\t\t\t\t\t\t\tdata-dim=\"w:227px;h:462px;\"\n\t\t\t\t\t\t\t\tdata-btrans=\"o:0.4;\"\n\t\t\t\t\t\t\t\tdata-border=\"bor:30px,30px,0,0;\"\n\t\t\t\t\t\t\t\tdata-frame_0=\"y:bottom;\"\n\t\t\t\t\t\t\t\tdata-frame_1=\"st:930;sp:1000;sR:930;\"\n\t\t\t\t\t\t\t\tdata-frame_999=\"o:0;st:w;sR:7070;\"\n\t\t\t\t\t\t\t\tstyle=\"z-index:10;\"\n\t\t\t\t\t\t\t><img decoding=\"async\" src=\"\/\/linkcard.app\/wp-content\/plugins\/revslider\/sr6\/assets\/assets\/dummy.png\" alt=\"\" class=\"tp-rs-img rs-lazyload\" width=\"426\" height=\"868\" data-lazyload=\"\/\/linkcard.app\/wp-content\/uploads\/2023\/07\/BC_02.jpg\" data-no-retina> \n\t\t\t\t\t\t\t<\/rs-layer><!--\n\n\t\t\t\t\t\t\t--><rs-layer\n\t\t\t\t\t\t\t\tid=\"slider-169-slide-520-layer-6\" \n\t\t\t\t\t\t\t\tdata-type=\"image\"\n\t\t\t\t\t\t\t\tdata-rsp_ch=\"on\"\n\t\t\t\t\t\t\t\tdata-xy=\"x:575px;y:27px;\"\n\t\t\t\t\t\t\t\tdata-text=\"w:normal;\"\n\t\t\t\t\t\t\t\tdata-dim=\"w:77px;h:76px;\"\n\t\t\t\t\t\t\t\tdata-frame_0=\"sX:0.9;sY:0.9;\"\n\t\t\t\t\t\t\t\tdata-frame_1=\"e:power2.inOut;st:280;sp:1410;sR:280;\"\n\t\t\t\t\t\t\t\tdata-frame_999=\"o:0;st:w;sR:7310;\"\n\t\t\t\t\t\t\t\tstyle=\"z-index:12;\"\n\t\t\t\t\t\t\t><img decoding=\"async\" src=\"\/\/linkcard.app\/wp-content\/plugins\/revslider\/sr6\/assets\/assets\/dummy.png\" alt=\"\" class=\"tp-rs-img rs-lazyload\" width=\"131\" height=\"129\" data-lazyload=\"\/\/linkcard.app\/wp-content\/uploads\/2023\/11\/Iconos_Varita.svg\" data-no-retina> \n\t\t\t\t\t\t\t<\/rs-layer><!--\n\n\t\t\t\t\t\t\t--><rs-layer\n\t\t\t\t\t\t\t\tid=\"slider-169-slide-520-layer-8\" \n\t\t\t\t\t\t\t\tdata-type=\"image\"\n\t\t\t\t\t\t\t\tdata-rsp_ch=\"on\"\n\t\t\t\t\t\t\t\tdata-xy=\"x:505px;y:256px;\"\n\t\t\t\t\t\t\t\tdata-text=\"w:normal;\"\n\t\t\t\t\t\t\t\tdata-dim=\"w:105px;h:104px;\"\n\t\t\t\t\t\t\t\tdata-frame_0=\"sX:0.9;sY:0.9;\"\n\t\t\t\t\t\t\t\tdata-frame_1=\"e:power2.inOut;st:1170;sp:1000;sR:1170;\"\n\t\t\t\t\t\t\t\tdata-frame_999=\"o:0;st:w;sR:6830;\"\n\t\t\t\t\t\t\t\tdata-loop_999=\"sX:0.8;sY:0.8;sp:2000;e:power0.inOut;yys:t;yyf:t;\"\n\t\t\t\t\t\t\t\tstyle=\"z-index:14;\"\n\t\t\t\t\t\t\t><img decoding=\"async\" src=\"\/\/linkcard.app\/wp-content\/plugins\/revslider\/sr6\/assets\/assets\/dummy.png\" alt=\"\" class=\"tp-rs-img rs-lazyload\" width=\"131\" height=\"129\" data-lazyload=\"\/\/linkcard.app\/wp-content\/uploads\/2023\/11\/Star.svg\" data-no-retina> \n\t\t\t\t\t\t\t<\/rs-layer><!--\n\n\t\t\t\t\t\t\t--><rs-layer\n\t\t\t\t\t\t\t\tid=\"slider-169-slide-520-layer-9\" \n\t\t\t\t\t\t\t\tdata-type=\"image\"\n\t\t\t\t\t\t\t\tdata-rsp_ch=\"on\"\n\t\t\t\t\t\t\t\tdata-xy=\"x:137px;y:539px;\"\n\t\t\t\t\t\t\t\tdata-text=\"w:normal;\"\n\t\t\t\t\t\t\t\tdata-dim=\"w:75px;h:74px;\"\n\t\t\t\t\t\t\t\tdata-frame_0=\"sX:0.9;sY:0.9;\"\n\t\t\t\t\t\t\t\tdata-frame_1=\"e:power2.inOut;st:860;sp:1000;sR:860;\"\n\t\t\t\t\t\t\t\tdata-frame_999=\"o:0;st:w;sR:7140;\"\n\t\t\t\t\t\t\t\tdata-loop_999=\"sX:0.8;sY:0.8;sp:2500;e:power0.inOut;yys:t;yyf:t;\"\n\t\t\t\t\t\t\t\tstyle=\"z-index:13;\"\n\t\t\t\t\t\t\t><img decoding=\"async\" src=\"\/\/linkcard.app\/wp-content\/plugins\/revslider\/sr6\/assets\/assets\/dummy.png\" alt=\"\" class=\"tp-rs-img rs-lazyload\" width=\"131\" height=\"129\" data-lazyload=\"\/\/linkcard.app\/wp-content\/uploads\/2023\/11\/Star.svg\" data-no-retina> \n\t\t\t\t\t\t\t<\/rs-layer><!--\n-->\t\t\t\t\t<\/rs-slide>\n\t\t\t\t\t<\/rs-slides>\n\t\t\t\t<\/rs-module>\n\t\t\t\t<script>\n\t\t\t\t\tsetREVStartSize({c: 'rev_slider_169_1',rl:[1240,1024,778,480],el:[850],gw:[680],gh:[850],type:'standard',justify:'',layout:'fullwidth',mh:\"0\"});if (window.RS_MODULES!==undefined && window.RS_MODULES.modules!==undefined && window.RS_MODULES.modules[\"revslider1691\"]!==undefined) {window.RS_MODULES.modules[\"revslider1691\"].once = false;window.revapi169 = undefined;if (window.RS_MODULES.checkMinimal!==undefined) window.RS_MODULES.checkMinimal()}\n\t\t\t\t<\/script>\n\t\t\t<\/rs-module-wrap>\n\t\t\t<!-- END REVOLUTION SLIDER -->\n[\/vc_column][\/vc_row]<\/p>\n<\/div>","protected":false},"excerpt":{"rendered":"<p>[vc_row full_width=\u00bbstretch_row_content_no_spaces\u00bb woodmart_css_id=\u00bb662125d142f27&#8243; responsive_spacing=\u00bbeyJwYXJhbV90eXBlIjoid29vZG1hcnRfcmVzcG9uc2l2ZV9zcGFjaW5nIiwic2VsZWN0b3JfaWQiOiI2NjIxMjVkMTQyZjI3Iiwic2hvcnRjb2RlIjoidmNfcm93IiwiZGF0YSI6eyJ0YWJsZXQiOnt9LCJtb2JpbGUiOnt9fX0=\u00bb mobile_bg_img_hidden=\u00bbno\u00bb tablet_bg_img_hidden=\u00bbno\u00bb woodmart_parallax=\u00bb0&#8243; woodmart_gradient_switch=\u00bbno\u00bb woodmart_box_shadow=\u00bbno\u00bb wd_z_index=\u00bbno\u00bb woodmart_disable_overflow=\u00bb0&#8243; row_reverse_mobile=\u00bb0&#8243; row_reverse_tablet=\u00bb0&#8243; css=\u00bb.vc_custom_1713448406741{background-color: #0075ea !important;}\u00bb][vc_column][\/vc_column][\/vc_row]<\/p>\n","protected":false},"author":1,"featured_media":0,"parent":0,"menu_order":0,"comment_status":"closed","ping_status":"closed","template":"","meta":{"_joinchat":[],"footnotes":""},"class_list":["post-1167","page","type-page","status-publish","hentry"],"_links":{"self":[{"href":"https:\/\/linkcard.app\/es\/wp-json\/wp\/v2\/pages\/1167","targetHints":{"allow":["GET"]}}],"collection":[{"href":"https:\/\/linkcard.app\/es\/wp-json\/wp\/v2\/pages"}],"about":[{"href":"https:\/\/linkcard.app\/es\/wp-json\/wp\/v2\/types\/page"}],"author":[{"embeddable":true,"href":"https:\/\/linkcard.app\/es\/wp-json\/wp\/v2\/users\/1"}],"replies":[{"embeddable":true,"href":"https:\/\/linkcard.app\/es\/wp-json\/wp\/v2\/comments?post=1167"}],"version-history":[{"count":1,"href":"https:\/\/linkcard.app\/es\/wp-json\/wp\/v2\/pages\/1167\/revisions"}],"predecessor-version":[{"id":2993,"href":"https:\/\/linkcard.app\/es\/wp-json\/wp\/v2\/pages\/1167\/revisions\/2993"}],"wp:attachment":[{"href":"https:\/\/linkcard.app\/es\/wp-json\/wp\/v2\/media?parent=1167"}],"curies":[{"name":"wp","href":"https:\/\/api.w.org\/{rel}","templated":true}]}}